{"id":917,"date":"2023-06-12T18:57:16","date_gmt":"2023-06-12T21:57:16","guid":{"rendered":"https:\/\/blistex.cl\/?page_id=917"},"modified":"2024-10-29T09:44:40","modified_gmt":"2024-10-29T13:44:40","slug":"blistex-en-chile","status":"publish","type":"page","link":"https:\/\/blistex.cl\/?page_id=917","title":{"rendered":"Blistex en Chile"},"content":{"rendered":"<p>[et_pb_section fb_built=\u00bb1&#8243; _builder_version=\u00bb4.21.0&#8243; _module_preset=\u00bbdefault\u00bb use_background_color_gradient=\u00bbon\u00bb background_color_gradient_stops=\u00bbrgba(0,0,0,0) 0%|rgba(0,0,0,0.2) 100%\u00bb background_image=\u00bbhttps:\/\/blistex.cl\/wp-content\/uploads\/2023\/06\/blistex-edificio-synthon.jpg\u00bb min_height=\u00bb70vh\u00bb custom_margin=\u00bb-80px||||false|false\u00bb locked=\u00bboff\u00bb global_colors_info=\u00bb{}\u00bb][et_pb_row _builder_version=\u00bb4.20.0&#8243; _module_preset=\u00bbdefault\u00bb global_colors_info=\u00bb{}\u00bb][et_pb_column type=\u00bb4_4&#8243; _builder_version=\u00bb4.20.0&#8243; _module_preset=\u00bbdefault\u00bb global_colors_info=\u00bb{}\u00bb][et_pb_text disabled_on=\u00bbon|on|on\u00bb _builder_version=\u00bb4.21.0&#8243; _module_preset=\u00bbdefault\u00bb header_font=\u00bbOpen Sans|700||on|||||\u00bb header_font_size=\u00bb6rem\u00bb header_line_height=\u00bb0.7em\u00bb custom_padding=\u00bb14vh||||false|false\u00bb disabled=\u00bbon\u00bb global_colors_info=\u00bb{}\u00bb]<\/p>\n<h1>Contacto<\/h1>\n<p>[\/et_pb_text][\/et_pb_column][\/et_pb_row][\/et_pb_section][et_pb_section fb_built=\u00bb1&#8243; _builder_version=\u00bb4.21.0&#8243; _module_preset=\u00bbdefault\u00bb global_colors_info=\u00bb{}\u00bb][et_pb_row _builder_version=\u00bb4.21.0&#8243; _module_preset=\u00bbdefault\u00bb global_colors_info=\u00bb{}\u00bb][et_pb_column type=\u00bb4_4&#8243; _builder_version=\u00bb4.21.0&#8243; _module_preset=\u00bbdefault\u00bb global_colors_info=\u00bb{}\u00bb][et_pb_text _builder_version=\u00bb4.21.0&#8243; _module_preset=\u00bbdefault\u00bb text_font=\u00bbOpen Sans||||||||\u00bb text_font_size=\u00bb16px\u00bb header_font=\u00bbOpen Sans|700||on|||||\u00bb header_text_color=\u00bbgcid-03641695-d488-4115-b160-9bb3de4551d8&#8243; header_font_size=\u00bb6rem\u00bb header_line_height=\u00bb0.7em\u00bb header_3_font=\u00bbOpen Sans||||||||\u00bb header_3_text_color=\u00bbgcid-03641695-d488-4115-b160-9bb3de4551d8&#8243; header_3_font_size=\u00bb24px\u00bb custom_margin=\u00bb0px||0px||true|false\u00bb custom_padding=\u00bb0px||0px||true|false\u00bb scroll_vertical_motion_enable=\u00bboff\u00bb scroll_vertical_motion=\u00bb0|50|50|100|3|0|-2&#8243; motion_trigger_start=\u00bbtop\u00bb header_font_size_tablet=\u00bb6rem\u00bb header_font_size_phone=\u00bb4rem\u00bb header_font_size_last_edited=\u00bbon|phone\u00bb header_3_font_size_last_edited=\u00bboff|phone\u00bb global_colors_info=\u00bb{%22gcid-03641695-d488-4115-b160-9bb3de4551d8%22:%91%22header_3_text_color%22,%22header_text_color%22%93}\u00bb]<\/p>\n<h1>Blistex<span style=\"font-size: 2rem; position: absolute; top: -25px; left: 375px;\">\u00ae<\/span> Chile<\/h1>\n<p>[\/et_pb_text][et_pb_text _builder_version=\u00bb4.21.0&#8243; _module_preset=\u00bbdefault\u00bb text_font=\u00bbOpen Sans||||||||\u00bb text_font_size=\u00bb16px\u00bb header_font=\u00bbOpen Sans|700||on|||||\u00bb header_text_color=\u00bbgcid-03641695-d488-4115-b160-9bb3de4551d8&#8243; header_font_size=\u00bb6rem\u00bb header_line_height=\u00bb0.7em\u00bb header_2_font=\u00bbOpen Sans|700||on|||||\u00bb header_2_text_color=\u00bbgcid-495b52ce-0c4e-4af2-b35a-2edb22dc44db\u00bb header_2_font_size=\u00bb3rem\u00bb header_2_line_height=\u00bb0.7em\u00bb header_3_font=\u00bbOpen Sans||||||||\u00bb header_3_text_color=\u00bbgcid-03641695-d488-4115-b160-9bb3de4551d8&#8243; header_3_font_size=\u00bb24px\u00bb custom_margin=\u00bb0px||0px||true|false\u00bb custom_padding=\u00bb0px||0px||true|false\u00bb scroll_vertical_motion_enable=\u00bbon\u00bb scroll_vertical_motion=\u00bb0|50|50|100|1|0|0&#8243; scroll_fade_enable=\u00bbon\u00bb motion_trigger_start=\u00bbtop\u00bb global_colors_info=\u00bb{%22gcid-03641695-d488-4115-b160-9bb3de4551d8%22:%91%22header_3_text_color%22,%22header_text_color%22,%22header_3_text_color%22,%22header_text_color%22%93,%22gcid-495b52ce-0c4e-4af2-b35a-2edb22dc44db%22:%91%22header_2_text_color%22%93}\u00bb]<\/p>\n<h2>Synthon Chile<\/h2>\n<p>[\/et_pb_text][et_pb_text _builder_version=\u00bb4.27.0&#8243; _module_preset=\u00bbdefault\u00bb text_font=\u00bbOpen Sans||||||||\u00bb text_font_size=\u00bb16px\u00bb link_font=\u00bbOpen Sans||||||||\u00bb link_text_color=\u00bbgcid-03641695-d488-4115-b160-9bb3de4551d8&#8243; header_3_font=\u00bbOpen Sans||||||||\u00bb header_3_text_color=\u00bbgcid-03641695-d488-4115-b160-9bb3de4551d8&#8243; header_3_font_size=\u00bb24px\u00bb custom_padding=\u00bb40px||||false|false\u00bb hover_enabled=\u00bb0&#8243; global_colors_info=\u00bb{%22gcid-03641695-d488-4115-b160-9bb3de4551d8%22:%91%22header_3_text_color%22,%22link_text_color%22%93}\u00bb sticky_enabled=\u00bb0&#8243;]<\/p>\n<p>Synthon es una compa\u00f1\u00eda farmac\u00e9utica internacional centrada en la ciencia, especializada en desarrollar, fabricar y distribuir gen\u00e9ricos de alta calidad para pacientes alrededor del mundo. Actualmente Synthon est\u00e1 posicionado en Chile en tres grandes \u00e1reas: Specialty Care, Primary Care y Consumer.<\/p>\n<p>La sede de Synhon Chile fue inaugurada el 2012 y ya a\u00f1o 2013, la planta de Chile obtiene la autorizaci\u00f3n para exportar a la Uni\u00f3n Europea, gracias a la certificaci\u00f3n GMP (Good Manufacturing Practices) recibida por la Agencia Europea del Medicamento.<\/p>\n<p>Todo lo anterior le ha permitido a Blistex\u00ae encontrar en Synthon Chile un socio de distribuci\u00f3n exclusiva, implementando una estrategia pensada en las necesidades del consumidor chileno. Si deseas conocer m\u00e1s de Synthon Chile, visita: <a href=\"https:\/\/www.synthon.cl\" target=\"_blank\" rel=\"noopener\">synthon.cl<\/a><\/p>\n<p>[\/et_pb_text][\/et_pb_column][\/et_pb_row][\/et_pb_section]<\/p>\n","protected":false},"excerpt":{"rendered":"<p>ContactoBlistex\u00ae ChileSynthon ChileSynthon es una compa\u00f1\u00eda farmac\u00e9utica internacional centrada en la ciencia, especializada en desarrollar, fabricar y distribuir gen\u00e9ricos de alta calidad para pacientes alrededor del mundo. Actualmente Synthon est\u00e1 posicionado en Chile en tres grandes \u00e1reas: Specialty Care, Primary Care y Consumer. La sede de Synhon Chile fue inaugurada el 2012 y ya a\u00f1o [&hellip;]<\/p>\n","protected":false},"author":1,"featured_media":0,"parent":0,"menu_order":0,"comment_status":"closed","ping_status":"closed","template":"","meta":{"_acf_changed":false,"_et_pb_use_builder":"on","_et_pb_old_content":"","_et_gb_content_width":"","footnotes":""},"class_list":["post-917","page","type-page","status-publish","hentry"],"acf":[],"_links":{"self":[{"href":"https:\/\/blistex.cl\/index.php?rest_route=\/wp\/v2\/pages\/917","targetHints":{"allow":["GET"]}}],"collection":[{"href":"https:\/\/blistex.cl\/index.php?rest_route=\/wp\/v2\/pages"}],"about":[{"href":"https:\/\/blistex.cl\/index.php?rest_route=\/wp\/v2\/types\/page"}],"author":[{"embeddable":true,"href":"https:\/\/blistex.cl\/index.php?rest_route=\/wp\/v2\/users\/1"}],"replies":[{"embeddable":true,"href":"https:\/\/blistex.cl\/index.php?rest_route=%2Fwp%2Fv2%2Fcomments&post=917"}],"version-history":[{"count":18,"href":"https:\/\/blistex.cl\/index.php?rest_route=\/wp\/v2\/pages\/917\/revisions"}],"predecessor-version":[{"id":2004,"href":"https:\/\/blistex.cl\/index.php?rest_route=\/wp\/v2\/pages\/917\/revisions\/2004"}],"wp:attachment":[{"href":"https:\/\/blistex.cl\/index.php?rest_route=%2Fwp%2Fv2%2Fmedia&parent=917"}],"curies":[{"name":"wp","href":"https:\/\/api.w.org\/{rel}","templated":true}]}}