{"id":472,"date":"2023-05-16T19:50:46","date_gmt":"2023-05-16T22:50:46","guid":{"rendered":"https:\/\/blistex.cl\/?page_id=472"},"modified":"2024-10-15T13:55:46","modified_gmt":"2024-10-15T17:55:46","slug":"preguntas-frecuentes","status":"publish","type":"page","link":"https:\/\/blistex.cl\/?page_id=472","title":{"rendered":"Preguntas Frecuentes"},"content":{"rendered":"<p>[et_pb_section fb_built=\u00bb1&#8243; _builder_version=\u00bb4.21.0&#8243; _module_preset=\u00bbdefault\u00bb use_background_color_gradient=\u00bbon\u00bb background_color_gradient_stops=\u00bbrgba(0,0,0,0.1) 0%|rgba(0,0,0,0.4) 100%\u00bb background_color_gradient_overlays_image=\u00bbon\u00bb background_image=\u00bbhttps:\/\/blistex.cl\/wp-content\/uploads\/2023\/05\/blistex-bg-01.jpg\u00bb background_position=\u00bbcenter_right\u00bb min_height=\u00bb65vh\u00bb locked=\u00bboff\u00bb global_colors_info=\u00bb{}\u00bb][et_pb_row _builder_version=\u00bb4.20.0&#8243; _module_preset=\u00bbdefault\u00bb global_colors_info=\u00bb{}\u00bb][et_pb_column type=\u00bb4_4&#8243; _builder_version=\u00bb4.20.0&#8243; _module_preset=\u00bbdefault\u00bb global_colors_info=\u00bb{}\u00bb][et_pb_text admin_label=\u00bbBlistex\u00bb _builder_version=\u00bb4.21.0&#8243; _module_preset=\u00bbdefault\u00bb header_font=\u00bbOpen Sans|800||on|||||\u00bb header_text_color=\u00bb#FFFFFF\u00bb header_font_size=\u00bb8rem\u00bb header_line_height=\u00bb0.7em\u00bb background_layout=\u00bbdark\u00bb custom_padding=\u00bb8%||||false|false\u00bb custom_padding_tablet=\u00bb8%||||false|false\u00bb custom_padding_phone=\u00bb40%||||false|false\u00bb custom_padding_last_edited=\u00bbon|phone\u00bb animation_style=\u00bbfade\u00bb header_font_size_tablet=\u00bb8rem\u00bb header_font_size_phone=\u00bb2.8rem\u00bb header_font_size_last_edited=\u00bbon|phone\u00bb global_colors_info=\u00bb{}\u00bb]<\/p>\n<h1>Preguntas<br \/>Frecuentes<\/h1>\n<p>[\/et_pb_text][\/et_pb_column][\/et_pb_row][\/et_pb_section][et_pb_section fb_built=\u00bb1&#8243; disabled_on=\u00bbon|on|on\u00bb _builder_version=\u00bb4.20.0&#8243; _module_preset=\u00bbdefault\u00bb background_color=\u00bbgcid-03641695-d488-4115-b160-9bb3de4551d8&#8243; disabled=\u00bbon\u00bb global_colors_info=\u00bb{%22gcid-03641695-d488-4115-b160-9bb3de4551d8%22:%91%22background_color%22%93}\u00bb][et_pb_row _builder_version=\u00bb4.20.0&#8243; _module_preset=\u00bbdefault\u00bb custom_margin=\u00bb0px||0px||true|false\u00bb custom_padding=\u00bb0px||0px||true|false\u00bb global_colors_info=\u00bb{}\u00bb][et_pb_column type=\u00bb4_4&#8243; _builder_version=\u00bb4.20.0&#8243; _module_preset=\u00bbdefault\u00bb global_colors_info=\u00bb{}\u00bb][et_pb_text admin_label=\u00bbPreguntas Frecuentes\u00bb _builder_version=\u00bb4.20.0&#8243; _module_preset=\u00bbdefault\u00bb header_2_font=\u00bbOpen Sans|600||on|||||\u00bb header_2_text_align=\u00bbcenter\u00bb header_2_text_color=\u00bb#FFFFFF\u00bb header_2_font_size=\u00bb32px\u00bb global_colors_info=\u00bb{}\u00bb]<\/p>\n<h2>Preguntas Frecuentes<\/h2>\n<p>[\/et_pb_text][\/et_pb_column][\/et_pb_row][\/et_pb_section][et_pb_section fb_built=\u00bb1&#8243; _builder_version=\u00bb4.20.0&#8243; _module_preset=\u00bbdefault\u00bb use_background_color_gradient=\u00bbon\u00bb background_color_gradient_stops=\u00bbrgba(255,255,255,0.1) 0%|rgba(255,255,255,0.8) 100%\u00bb background_color_gradient_overlays_image=\u00bbon\u00bb background_image=\u00bbhttps:\/\/blistex.cl\/wp-content\/uploads\/2023\/05\/splash-bg2.png\u00bb parallax=\u00bbon\u00bb global_colors_info=\u00bb{}\u00bb][et_pb_row _builder_version=\u00bb4.20.0&#8243; _module_preset=\u00bbdefault\u00bb width=\u00bb50%\u00bb width_tablet=\u00bb65%\u00bb width_phone=\u00bb85%\u00bb width_last_edited=\u00bbon|desktop\u00bb module_alignment=\u00bbcenter\u00bb global_colors_info=\u00bb{}\u00bb][et_pb_column type=\u00bb4_4&#8243; _builder_version=\u00bb4.20.0&#8243; _module_preset=\u00bbdefault\u00bb global_colors_info=\u00bb{}\u00bb][et_pb_accordion open_toggle_text_color=\u00bb#000000&#8243; closed_toggle_text_color=\u00bb#d60032&#8243; closed_toggle_background_color=\u00bb#f7edec\u00bb toggle_icon=\u00bb&#x50;||divi||400&#8243; icon_color=\u00bb#d60032&#8243; use_icon_font_size=\u00bbon\u00bb icon_font_size=\u00bb24px\u00bb _builder_version=\u00bb4.27.0&#8243; _module_preset=\u00bbdefault\u00bb toggle_font=\u00bbOpen Sans||||||||\u00bb toggle_font_size=\u00bb21px\u00bb closed_toggle_font=\u00bbOpen Sans||||||||\u00bb closed_toggle_font_size=\u00bb21px\u00bb body_font=\u00bbOpen Sans||||||||\u00bb body_font_size=\u00bb16px\u00bb border_radii=\u00bbon|20px|20px|20px|20px\u00bb global_colors_info=\u00bb{%22gcid-03641695-d488-4115-b160-9bb3de4551d8%22:%91%22closed_toggle_text_color%22,%22icon_color%22%93,%22gcid-3bc99805-6b68-4a85-a4e7-c10ec72b9e24%22:%91%22closed_toggle_background_color%22%93}\u00bb][et_pb_accordion_item title=\u00bb\u00bfPor qu\u00e9 es tan importante el cuidado de los labios y c\u00f3mo debemos hacerlo?\u00bb open=\u00bbon\u00bb _builder_version=\u00bb4.21.0&#8243; _module_preset=\u00bbdefault\u00bb global_colors_info=\u00bb{}\u00bb]<\/p>\n<p><span>Porque la piel de los labios es muy delgada ya que tiene s\u00f3lo 0,2 mil\u00edmetros de grosor lo que corresponde a aproximadamente una d\u00e9cima parte de la piel normal del rostro y es muy sensible. Adem\u00e1s los labios no tienen melanina, por este motivo es que quedan desprotegidos, con los cambio de estaci\u00f3n, altas temperaturas y mayor radiaci\u00f3n solar del verano agrediendo nuestros labios con mayor facilidad ,haciendo que se\u202fdeshidraten, resequen, irriten\u202fe incluso se\u202fagrieten.<\/span><\/p>\n<p>[\/et_pb_accordion_item][et_pb_accordion_item title=\u00bbLos\u202flabios\u202fson una parte importante de nuestro f\u00edsico ya que con ellos mostramos alegr\u00eda, amor, enfado y es por eso que hay que protegerlos. Para conseguir unos\u202flabios sanos y bonitos, se recomienda :\u00bb _builder_version=\u00bb4.21.0&#8243; _module_preset=\u00bbdefault\u00bb global_colors_info=\u00bb{}\u00bb open=\u00bboff\u00bb]<\/p>\n<ul>\n<li>Hidratarlos\u202fcon frecuencia<\/li>\n<li>Protegerlos\u202fdel sol<\/li>\n<li>Exfoliarlos\u202funa vez a la semana<\/li>\n<li>Evitar morderlos, chuparlos\u2026<\/li>\n<li>Antes de maquillarlos\u202fhidratarlos<\/li>\n<li>Se sugiere no fumar<\/li>\n<li>Seguir una\u202fdieta sana\u202fy beber suficiente\u202fagua<\/li>\n<\/ul>\n<p>&nbsp;<\/p>\n<p>Para cuidar tus labios, siempre es recomendable utilizar un protector apropiado para esa parte del cuerpo.<\/p>\n<p>[\/et_pb_accordion_item][et_pb_accordion_item title=\u00bb\u00bfQu\u00e9 puedo hacer si mis labios est\u00e1n partidos o agrietados?\u00bb _builder_version=\u00bb4.21.0&#8243; _module_preset=\u00bbdefault\u00bb global_colors_info=\u00bb{}\u00bb open=\u00bboff\u00bb]<\/p>\n<p>Si tus labios ya est\u00e1n da\u00f1ados, se sugiere usar nuestro b\u00e1lsamo labial con protector solar.\u202fNuestra f\u00f3rmula proporciona un alivio r\u00e1pido y fortalece la barrera lip\u00eddica de la piel de los labios y alisa su superficie.<\/p>\n<p>[\/et_pb_accordion_item][et_pb_accordion_item title=\u00bb\u00bfQu\u00e9 pasa cuando aplico mucho b\u00e1lsamo labial?\u00bb _builder_version=\u00bb4.21.0&#8243; _module_preset=\u00bbdefault\u00bb global_colors_info=\u00bb{}\u00bb open=\u00bboff\u00bb]<\/p>\n<p>\u00a1Aplicar b\u00e1lsamo labial en exceso tiene un efecto rebote: \u00abSi usas constantemente productos oclusivos (que impiden la transpiraci\u00f3n de la zona),\u202fpuede hacer que la capacidad de tu piel para adaptarse a los cambios de temperatura y al entorno disminuya\u00bb<\/p>\n<p>[\/et_pb_accordion_item][et_pb_accordion_item title=\u00bb\u00bfQu\u00e9 pasa si te quitas la piel seca de los labios?\u00bb _builder_version=\u00bb4.21.0&#8243; _module_preset=\u00bbdefault\u00bb global_colors_info=\u00bb{}\u00bb open=\u00bboff\u00bb]<\/p>\n<p><span>Demoras el proceso de sanaci\u00f3n de tus labios. \u00a0Se aconseja exfoliarnos e hidratarlos para que recuperen su estado.<\/span><\/p>\n<p>[\/et_pb_accordion_item][et_pb_accordion_item title=\u00bb\u00bfC\u00f3mo se asegura la compatibilidad de los productos?\u00bb _builder_version=\u00bb4.21.0&#8243; _module_preset=\u00bbdefault\u00bb global_colors_info=\u00bb{}\u00bb open=\u00bboff\u00bb]<\/p>\n<p><span>Desde que se fund\u00f3 la empresa Blistex<strong>\u00ae<\/strong> en 1947, todos los productos nuevos se han sometido a numerosos procedimientos de prueba antes de comercializarse.\u202fSu compatibilidad con la piel est\u00e1 dermatol\u00f3gicamente confirmada por pruebas cient\u00edficas.<\/span><\/p>\n<p>[\/et_pb_accordion_item][et_pb_accordion_item title=\u00bb\u00bfLos productos Blistex\u00ae se prueban en animales?\u00bb _builder_version=\u00bb4.21.0&#8243; _module_preset=\u00bbdefault\u00bb global_colors_info=\u00bb{}\u00bb open=\u00bboff\u00bb]<\/p>\n<p><span>\u00a1Por supuesto que no!\u202fLa experimentaci\u00f3n con animales para productos cosm\u00e9ticos est\u00e1 prohibida en la UE desde 2004.\u202fDesde 2013, esto tambi\u00e9n se aplica a todos los ingredientes de estos productos.<\/span><\/p>\n<p>[\/et_pb_accordion_item][et_pb_accordion_item title=\u00bb\u00bfD\u00f3nde est\u00e1n disponibles los productos Blistex\u00ae?\u00bb _builder_version=\u00bb4.21.0&#8243; _module_preset=\u00bbdefault\u00bb global_colors_info=\u00bb{}\u00bb open=\u00bboff\u00bb]<\/p>\n<p><span>Lo puedes obtener en cadenas farmacias a lo largo de todo el pa\u00eds. Para m\u00e1s detalle consulte cada variedad de blistex<strong>\u00ae<\/strong>.<\/span><\/p>\n<p>[\/et_pb_accordion_item][\/et_pb_accordion][et_pb_text _builder_version=\u00bb4.27.0&#8243; _module_preset=\u00bbdefault\u00bb text_font=\u00bbOpen Sans||||||||\u00bb link_font=\u00bbOpen Sans||||||||\u00bb link_text_color=\u00bbgcid-03641695-d488-4115-b160-9bb3de4551d8&#8243; global_colors_info=\u00bb{%22gcid-03641695-d488-4115-b160-9bb3de4551d8%22:%91%22link_text_color%22%93}\u00bb]<\/p>\n<p><strong><em>Referencias:<\/em><\/strong><\/p>\n<ul>\n<li>Sol y exposici\u00f3n a rayos UV, <a href=\"https:\/\/www.cancer.org\/es\/cancer\/prevencion-del-riesgo\/sol-y-uv\/proteccion-contra-rayos-ultravioleta.html\" target=\"_blank\" rel=\"noopener\">ver m\u00e1s<\/a>.<\/li>\n<li>C\u00f3mo protegerse del sol despu\u00e9s de una lesi\u00f3n por quemadura, <a href=\"https:\/\/msktc.org\/burn\/factsheets\/como-protegerse-del-sol-despues-de-una-lesion-por-quemadura\" target=\"_blank\" rel=\"noopener\">ver m\u00e1s<\/a>.<\/li>\n<li>Blistex<strong>\u00ae<\/strong> Alemania, <a href=\"https:\/\/blistex.de\/\" target=\"_blank\" rel=\"noopener\">ver m\u00e1s<\/a>.<\/li>\n<\/ul>\n<p>[\/et_pb_text][\/et_pb_column][\/et_pb_row][\/et_pb_section][et_pb_section fb_built=\u00bb1&#8243; disabled_on=\u00bbon|on|on\u00bb _builder_version=\u00bb4.20.0&#8243; _module_preset=\u00bbdefault\u00bb disabled=\u00bbon\u00bb global_colors_info=\u00bb{}\u00bb][et_pb_row _builder_version=\u00bb4.20.0&#8243; _module_preset=\u00bbdefault\u00bb width=\u00bb65%\u00bb width_tablet=\u00bb65%\u00bb width_phone=\u00bb85%\u00bb width_last_edited=\u00bbon|desktop\u00bb module_alignment=\u00bbcenter\u00bb global_colors_info=\u00bb{}\u00bb][et_pb_column type=\u00bb4_4&#8243; _builder_version=\u00bb4.20.0&#8243; _module_preset=\u00bbdefault\u00bb global_colors_info=\u00bb{}\u00bb][et_pb_text _builder_version=\u00bb4.20.0&#8243; _module_preset=\u00bbdefault\u00bb text_font=\u00bbOpen Sans||||||||\u00bb text_font_size=\u00bb16px\u00bb ul_font=\u00bbOpen Sans||||||||\u00bb ul_font_size=\u00bb16px\u00bb header_4_font=\u00bbOpen Sans|300|||||||\u00bb header_4_text_color=\u00bbgcid-03641695-d488-4115-b160-9bb3de4551d8&#8243; header_4_font_size=\u00bb24px\u00bb global_colors_info=\u00bb{%22gcid-03641695-d488-4115-b160-9bb3de4551d8%22:%91%22header_4_text_color%22%93}\u00bb]<\/p>\n<h4>\u00bfPor qu\u00e9 es tan importante el cuidado de los labios y como debemos hacerlo?<\/h4>\n<p>Porque la piel de los labios es muy delgada ya que tiene s\u00f3lo 0,2 milimetros de grosor lo que corresponde a aproximadamente una d\u00e9cima parte de la piel normal del rostro y es muy sensible. Adem\u00e1s los labios no tienen melanina, por este motivo es que quedan desprotegidos, con los cambio de estaci\u00f3n, altas temperaturas y mayor radiaci\u00f3n solar del verano agrediendo nuestros labios con mayor facilidad ,haciendo que se\u202fdeshidraten, resequen, irriten\u202fe incluso se\u202fagrieten.<\/p>\n<p>&nbsp;<\/p>\n<h4>Los\u202flabios\u202fson\u202fson una parte importante de nuestro fis\u00edco ya que con ellos mostramos alegr\u00eda, amor, enfado y es por eso que hay que protegerlos. Para conseguir unos\u202flabios sanos y bonitos, se recomienda :<\/h4>\n<ul>\n<li>Hidratarlos\u202fcon frecuencia<\/li>\n<li>Protegerlos\u202fdel sol<\/li>\n<li>Exfoliarlos\u202funa vez a la semana<\/li>\n<li>Evitar morderlos, chuparlos\u2026<\/li>\n<li>Antes de maquillarlos\u202fhidratarlos<\/li>\n<li>Se sugiere no fumar<\/li>\n<li>Seguir una\u202fdieta sana\u202fy beber suficiente\u202fagua<\/li>\n<\/ul>\n<p>&nbsp;<\/p>\n<p>Para cuidar tus labios, siempre es recomendable utilizar un protector apropiado para esa parte del cuerpo.<\/p>\n<p>&nbsp;<\/p>\n<h4>\u00bfQu\u00e9 puedo hacer si mis labios est\u00e1n partidos o agrietados?<\/h4>\n<p>Si tus labios ya est\u00e1n da\u00f1ados, se requiere usar nuestro b\u00e1lsamos labial con protector solar.\u202fNuestra f\u00f3rmula proporciona un alivio r\u00e1pido y fortalece la barrera lip\u00eddica de la piel de los labios y alisa su superficie.<\/p>\n<p>&nbsp;<\/p>\n<h4>\u00bfQu\u00e9 pasa cuando aplico mucho balsamos labial?<\/h4>\n<p>\u00a1Aplicar b\u00e1lsamo labial en exceso tiene un efecto rebote: \u00abSi usas constantemente productos oclusivos (que impiden la transpiraci\u00f3n de la zona),\u202fpuede hacer que la capacidad de tu piel para adaptarse a los cambios de temperatura y al entorno disminuya\u00bb<\/p>\n<p>&nbsp;<\/p>\n<h4>\u00bfQu\u00e9 pasa si te quitas la piel seca de los labios?<\/h4>\n<p>Demoras el proceso de sanaci\u00f3n de tus labios. \u00a0Se aconseja exfoliarnos e hidratarlos para que recuperen su estado.<\/p>\n<p>&nbsp;<\/p>\n<h4>\u00bfC\u00f3mo se asegura la compatibilidad de los productos?<\/h4>\n<p>Desde que se fund\u00f3 la empresa Blistex en 1947, todos los productos nuevos se han sometido a numerosos procedimientos de prueba antes de comercializarse.\u202fSu compatibilidad con la piel est\u00e1 dermatol\u00f3gicamente confirmada por pruebas cient\u00edficas.<\/p>\n<p>&nbsp;<\/p>\n<h4>\u00bfLos productos Blistex se prueban en animales?<\/h4>\n<p>\u00a1Por supuesto que no!\u202fLa experimentaci\u00f3n con animales para productos cosm\u00e9ticos est\u00e1 prohibida en la UE desde 2004.\u202fDesde 2013, esto tambi\u00e9n se aplica a todos los ingredientes de estos productos.<\/p>\n<p>&nbsp;<\/p>\n<h4>\u00bfD\u00f3nde est\u00e1n disponibles los productos Blistex?<\/h4>\n<p>Lo puedes obtener en las cadenas de SalcoBrand, Cruz Verde ,Farmacia Ahumada, supermercado Jumbo, Dr Simi y Araucomed.<\/p>\n<p>[\/et_pb_text][\/et_pb_column][\/et_pb_row][\/et_pb_section]<\/p>\n","protected":false},"excerpt":{"rendered":"<p>PreguntasFrecuentesPreguntas FrecuentesPorque la piel de los labios es muy delgada ya que tiene s\u00f3lo 0,2 mil\u00edmetros de grosor lo que corresponde a aproximadamente una d\u00e9cima parte de la piel normal del rostro y es muy sensible. Adem\u00e1s los labios no tienen melanina, por este motivo es que quedan desprotegidos, con los cambio de estaci\u00f3n, altas [&hellip;]<\/p>\n","protected":false},"author":1,"featured_media":0,"parent":0,"menu_order":0,"comment_status":"closed","ping_status":"closed","template":"","meta":{"_acf_changed":false,"_et_pb_use_builder":"on","_et_pb_old_content":"","_et_gb_content_width":"","footnotes":""},"class_list":["post-472","page","type-page","status-publish","hentry"],"acf":[],"_links":{"self":[{"href":"https:\/\/blistex.cl\/index.php?rest_route=\/wp\/v2\/pages\/472","targetHints":{"allow":["GET"]}}],"collection":[{"href":"https:\/\/blistex.cl\/index.php?rest_route=\/wp\/v2\/pages"}],"about":[{"href":"https:\/\/blistex.cl\/index.php?rest_route=\/wp\/v2\/types\/page"}],"author":[{"embeddable":true,"href":"https:\/\/blistex.cl\/index.php?rest_route=\/wp\/v2\/users\/1"}],"replies":[{"embeddable":true,"href":"https:\/\/blistex.cl\/index.php?rest_route=%2Fwp%2Fv2%2Fcomments&post=472"}],"version-history":[{"count":37,"href":"https:\/\/blistex.cl\/index.php?rest_route=\/wp\/v2\/pages\/472\/revisions"}],"predecessor-version":[{"id":1999,"href":"https:\/\/blistex.cl\/index.php?rest_route=\/wp\/v2\/pages\/472\/revisions\/1999"}],"wp:attachment":[{"href":"https:\/\/blistex.cl\/index.php?rest_route=%2Fwp%2Fv2%2Fmedia&parent=472"}],"curies":[{"name":"wp","href":"https:\/\/api.w.org\/{rel}","templated":true}]}}